{"id":440,"date":"2026-03-02T18:44:02","date_gmt":"2026-03-02T18:44:02","guid":{"rendered":"https:\/\/fundacionelroi.org\/?page_id=440"},"modified":"2026-03-02T18:44:03","modified_gmt":"2026-03-02T18:44:03","slug":"politica-de-privacidad","status":"publish","type":"page","link":"https:\/\/fundacionelroi.org\/en\/politica-de-privacidad\/","title":{"rendered":"Privacy Policy"},"content":{"rendered":"<p>[et_pb_section fb_built=\u00bb1&#8243; theme_builder_area=\u00bbpost_content\u00bb _builder_version=\u00bb4.27.6&#8243; _module_preset=\u00bbdefault\u00bb][et_pb_row _builder_version=\u00bb4.27.6&#8243; _module_preset=\u00bbdefault\u00bb theme_builder_area=\u00bbpost_content\u00bb][et_pb_column _builder_version=\u00bb4.27.6&#8243; _module_preset=\u00bbdefault\u00bb type=\u00bb4_4&#8243; theme_builder_area=\u00bbpost_content\u00bb][et_pb_text _builder_version=\u00bb4.27.6&#8243; _module_preset=\u00bbdefault\u00bb theme_builder_area=\u00bbpost_content\u00bb hover_enabled=\u00bb0&#8243; sticky_enabled=\u00bb0&#8243;]<\/p>\n<h1 data-start=\"225\" data-end=\"272\"><em data-start=\"225\" data-end=\"272\">Pol\u00edticas de Privacidad<\/em><\/h1>\n<p data-start=\"225\" data-end=\"272\"><em data-start=\"225\" data-end=\"272\">(Conforme al Reglamento (UE) 2016\/679 \u2013 GDPR)<\/em><\/p>\n<hr data-start=\"274\" data-end=\"277\" \/>\n<h2 data-start=\"279\" data-end=\"312\">1. Responsable del Tratamiento<\/h2>\n<p data-start=\"314\" data-end=\"474\">En cumplimiento del Reglamento (UE) 2016\/679 (GDPR), se informa que el responsable del tratamiento de los datos personales es el titular del presente sitio web.<\/p>\n<p data-start=\"476\" data-end=\"630\">Para cualquier consulta relacionada con la protecci\u00f3n de datos, el usuario puede contactar a trav\u00e9s del formulario de contacto disponible en el sitio web.<\/p>\n<hr data-start=\"632\" data-end=\"635\" \/>\n<h2 data-start=\"637\" data-end=\"665\">2. Datos que se recopilan<\/h2>\n<p data-start=\"667\" data-end=\"744\">Este sitio web puede recopilar las siguientes categor\u00edas de datos personales:<\/p>\n<ul data-start=\"746\" data-end=\"981\">\n<li data-start=\"746\" data-end=\"768\">\n<p data-start=\"748\" data-end=\"768\">Nombre y apellidos<\/p>\n<\/li>\n<li data-start=\"769\" data-end=\"804\">\n<p data-start=\"771\" data-end=\"804\">Direcci\u00f3n de correo electr\u00f3nico<\/p>\n<\/li>\n<li data-start=\"805\" data-end=\"863\">\n<p data-start=\"807\" data-end=\"863\">N\u00famero de tel\u00e9fono (si se proporciona voluntariamente)<\/p>\n<\/li>\n<li data-start=\"864\" data-end=\"880\">\n<p data-start=\"866\" data-end=\"880\">Direcci\u00f3n IP<\/p>\n<\/li>\n<li data-start=\"881\" data-end=\"921\">\n<p data-start=\"883\" data-end=\"921\">Datos de navegaci\u00f3n mediante cookies<\/p>\n<\/li>\n<li data-start=\"922\" data-end=\"981\">\n<p data-start=\"924\" data-end=\"981\">Informaci\u00f3n enviada a trav\u00e9s de formularios de contacto<\/p>\n<\/li>\n<\/ul>\n<p data-start=\"983\" data-end=\"1073\">No se recopilan datos sensibles salvo que el usuario los proporcione de manera voluntaria.<\/p>\n<hr data-start=\"1075\" data-end=\"1078\" \/>\n<h2 data-start=\"1080\" data-end=\"1111\">3. Finalidad del tratamiento<\/h2>\n<p data-start=\"1113\" data-end=\"1151\">Los datos personales se utilizan para:<\/p>\n<ul data-start=\"1153\" data-end=\"1405\">\n<li data-start=\"1153\" data-end=\"1200\">\n<p data-start=\"1155\" data-end=\"1200\">Responder consultas enviadas por el usuario<\/p>\n<\/li>\n<li data-start=\"1201\" data-end=\"1252\">\n<p data-start=\"1203\" data-end=\"1252\">Gestionar solicitudes de servicios o donaciones<\/p>\n<\/li>\n<li data-start=\"1253\" data-end=\"1320\">\n<p data-start=\"1255\" data-end=\"1320\">Enviar comunicaciones informativas cuando exista consentimiento<\/p>\n<\/li>\n<li data-start=\"1321\" data-end=\"1361\">\n<p data-start=\"1323\" data-end=\"1361\">Mejorar la experiencia de navegaci\u00f3n<\/p>\n<\/li>\n<li data-start=\"1362\" data-end=\"1405\">\n<p data-start=\"1364\" data-end=\"1405\">Cumplir obligaciones legales aplicables<\/p>\n<\/li>\n<\/ul>\n<hr data-start=\"1407\" data-end=\"1410\" \/>\n<h2 data-start=\"1412\" data-end=\"1444\">4. Base legal del tratamiento<\/h2>\n<p data-start=\"1446\" data-end=\"1502\">El tratamiento de los datos personales se fundamenta en:<\/p>\n<ul data-start=\"1504\" data-end=\"1669\">\n<li data-start=\"1504\" data-end=\"1540\">\n<p data-start=\"1506\" data-end=\"1540\">El consentimiento del interesado<\/p>\n<\/li>\n<li data-start=\"1541\" data-end=\"1585\">\n<p data-start=\"1543\" data-end=\"1585\">La ejecuci\u00f3n de una relaci\u00f3n contractual<\/p>\n<\/li>\n<li data-start=\"1586\" data-end=\"1629\">\n<p data-start=\"1588\" data-end=\"1629\">El cumplimiento de obligaciones legales<\/p>\n<\/li>\n<li data-start=\"1630\" data-end=\"1669\">\n<p data-start=\"1632\" data-end=\"1669\">El inter\u00e9s leg\u00edtimo del responsable<\/p>\n<\/li>\n<\/ul>\n<hr data-start=\"1671\" data-end=\"1674\" \/>\n<h2 data-start=\"1676\" data-end=\"1707\">5. Conservaci\u00f3n de los datos<\/h2>\n<p data-start=\"1709\" data-end=\"1745\">Los datos personales se conservar\u00e1n:<\/p>\n<ul data-start=\"1747\" data-end=\"1945\">\n<li data-start=\"1747\" data-end=\"1831\">\n<p data-start=\"1749\" data-end=\"1831\">Mientras sea necesario para cumplir la finalidad para la cual fueron recopilados<\/p>\n<\/li>\n<li data-start=\"1832\" data-end=\"1880\">\n<p data-start=\"1834\" data-end=\"1880\">Hasta que el usuario solicite su eliminaci\u00f3n<\/p>\n<\/li>\n<li data-start=\"1881\" data-end=\"1945\">\n<p data-start=\"1883\" data-end=\"1945\">Durante los plazos establecidos por la legislaci\u00f3n aplicable<\/p>\n<\/li>\n<\/ul>\n<hr data-start=\"1947\" data-end=\"1950\" \/>\n<h2 data-start=\"1952\" data-end=\"1978\">6. Derechos del usuario<\/h2>\n<p data-start=\"1980\" data-end=\"2053\">Los usuarios, en virtud del GDPR, pueden ejercer los siguientes derechos:<\/p>\n<ul data-start=\"2055\" data-end=\"2264\">\n<li data-start=\"2055\" data-end=\"2076\">\n<p data-start=\"2057\" data-end=\"2076\">Derecho de acceso<\/p>\n<\/li>\n<li data-start=\"2077\" data-end=\"2105\">\n<p data-start=\"2079\" data-end=\"2105\">Derecho de rectificaci\u00f3n<\/p>\n<\/li>\n<li data-start=\"2106\" data-end=\"2152\">\n<p data-start=\"2108\" data-end=\"2152\">Derecho de supresi\u00f3n (\u201cderecho al olvido\u201d)<\/p>\n<\/li>\n<li data-start=\"2153\" data-end=\"2196\">\n<p data-start=\"2155\" data-end=\"2196\">Derecho a la limitaci\u00f3n del tratamiento<\/p>\n<\/li>\n<li data-start=\"2197\" data-end=\"2221\">\n<p data-start=\"2199\" data-end=\"2221\">Derecho de oposici\u00f3n<\/p>\n<\/li>\n<li data-start=\"2222\" data-end=\"2264\">\n<p data-start=\"2224\" data-end=\"2264\">Derecho a la portabilidad de los datos<\/p>\n<\/li>\n<\/ul>\n<p data-start=\"2266\" data-end=\"2370\">Para ejercer estos derechos, el usuario puede contactar mediante los medios disponibles en el sitio web.<\/p>\n<p data-start=\"2372\" data-end=\"2516\">Asimismo, tiene derecho a presentar una reclamaci\u00f3n ante la autoridad de control competente en su pa\u00eds de residencia dentro de la Uni\u00f3n Europea.<\/p>\n<hr data-start=\"2518\" data-end=\"2521\" \/>\n<h2 data-start=\"2523\" data-end=\"2559\">7. Transferencias internacionales<\/h2>\n<p data-start=\"2561\" data-end=\"2817\">En caso de que el sitio web utilice proveedores tecnol\u00f3gicos ubicados fuera de la Uni\u00f3n Europea, se garantizar\u00e1 que dichas transferencias cumplen con los mecanismos legales exigidos por el GDPR, como cl\u00e1usulas contractuales tipo o decisiones de adecuaci\u00f3n.<\/p>\n<hr data-start=\"2819\" data-end=\"2822\" \/>\n<h2 data-start=\"2824\" data-end=\"2857\">8. Seguridad de la informaci\u00f3n<\/h2>\n<p data-start=\"2859\" data-end=\"3035\">Se adoptan medidas t\u00e9cnicas y organizativas apropiadas para garantizar la seguridad de los datos personales y evitar su alteraci\u00f3n, p\u00e9rdida, tratamiento o acceso no autorizado.<\/p>\n<hr data-start=\"3037\" data-end=\"3040\" \/>\n<h2 data-start=\"3042\" data-end=\"3062\">9. Uso de cookies<\/h2>\n<p data-start=\"3064\" data-end=\"3204\">Este sitio web utiliza cookies propias y de terceros para mejorar la experiencia del usuario, analizar el tr\u00e1fico y personalizar contenidos.<\/p>\n<p data-start=\"3206\" data-end=\"3308\">El usuario puede aceptar, rechazar o configurar el uso de cookies a trav\u00e9s del banner correspondiente.<\/p>\n<hr data-start=\"3310\" data-end=\"3313\" \/>\n<h2 data-start=\"3315\" data-end=\"3336\">10. Modificaciones<\/h2>\n<p data-start=\"3338\" data-end=\"3472\">La presente Pol\u00edtica de Privacidad podr\u00e1 actualizarse para adaptarse a cambios normativos o modificaciones en los servicios ofrecidos.<\/p>\n<p data-start=\"3474\" data-end=\"3503\">\u00daltima actualizaci\u00f3n: Febrero 2026<\/p>\n<p>[\/et_pb_text][\/et_pb_column][\/et_pb_row][\/et_pb_section]<\/p>\n","protected":false},"excerpt":{"rendered":"<p>Pol\u00edticas de Privacidad (Conforme al Reglamento (UE) 2016\/679 \u2013 GDPR) 1. Responsable del Tratamiento En cumplimiento del Reglamento (UE) 2016\/679 (GDPR), se informa que el responsable del tratamiento de los datos personales es el titular del presente sitio web. Para cualquier consulta relacionada con la protecci\u00f3n de datos, el usuario puede contactar a trav\u00e9s del [&hellip;]<\/p>\n","protected":false},"author":1,"featured_media":0,"parent":0,"menu_order":0,"comment_status":"closed","ping_status":"closed","template":"","meta":{"_et_pb_use_builder":"on","_et_pb_old_content":"","_et_gb_content_width":"","footnotes":""},"class_list":["post-440","page","type-page","status-publish","hentry"],"jetpack_sharing_enabled":true,"_links":{"self":[{"href":"https:\/\/fundacionelroi.org\/en\/wp-json\/wp\/v2\/pages\/440","targetHints":{"allow":["GET"]}}],"collection":[{"href":"https:\/\/fundacionelroi.org\/en\/wp-json\/wp\/v2\/pages"}],"about":[{"href":"https:\/\/fundacionelroi.org\/en\/wp-json\/wp\/v2\/types\/page"}],"author":[{"embeddable":true,"href":"https:\/\/fundacionelroi.org\/en\/wp-json\/wp\/v2\/users\/1"}],"replies":[{"embeddable":true,"href":"https:\/\/fundacionelroi.org\/en\/wp-json\/wp\/v2\/comments?post=440"}],"version-history":[{"count":2,"href":"https:\/\/fundacionelroi.org\/en\/wp-json\/wp\/v2\/pages\/440\/revisions"}],"predecessor-version":[{"id":443,"href":"https:\/\/fundacionelroi.org\/en\/wp-json\/wp\/v2\/pages\/440\/revisions\/443"}],"wp:attachment":[{"href":"https:\/\/fundacionelroi.org\/en\/wp-json\/wp\/v2\/media?parent=440"}],"curies":[{"name":"wp","href":"https:\/\/api.w.org\/{rel}","templated":true}]}}