{"id":50,"date":"2024-10-18T03:24:44","date_gmt":"2024-10-18T03:24:44","guid":{"rendered":"https:\/\/fundacionelroi.org\/?page_id=50"},"modified":"2025-07-24T00:18:34","modified_gmt":"2025-07-24T00:18:34","slug":"programas","status":"publish","type":"page","link":"https:\/\/fundacionelroi.org\/en\/programas\/","title":{"rendered":"Programs"},"content":{"rendered":"<p>[et_pb_section fb_built=\u00bb1&#8243; admin_label=\u00bbHeader\u00bb _builder_version=\u00bb4.21.0&#8243; _module_preset=\u00bbdefault\u00bb background_color=\u00bbgcid-e787f6e4-87be-4325-83ae-4380ef468485&#8243; custom_padding=\u00bb||0px||false|false\u00bb collapsed=\u00bbon\u00bb global_colors_info=\u00bb{%22gcid-e787f6e4-87be-4325-83ae-4380ef468485%22:%91%22background_color%22%93}\u00bb][et_pb_row _builder_version=\u00bb4.21.0&#8243; _module_preset=\u00bbdefault\u00bb max_width=\u00bb800px\u00bb global_colors_info=\u00bb{}\u00bb][et_pb_column type=\u00bb4_4&#8243; _builder_version=\u00bb4.21.0&#8243; _module_preset=\u00bbdefault\u00bb global_colors_info=\u00bb{}\u00bb][et_pb_text _builder_version=\u00bb4.27.0&#8243; _module_preset=\u00bb_initial\u00bb header_font=\u00bbPlayfair Display|500||on|||||\u00bb header_text_color=\u00bb#7e6849&#8243; header_font_size=\u00bb72px\u00bb header_line_height=\u00bb1.2em\u00bb text_orientation=\u00bbcenter\u00bb header_font_size_tablet=\u00bb40px\u00bb header_font_size_phone=\u00bb24px\u00bb header_font_size_last_edited=\u00bbon|phone\u00bb locked=\u00bboff\u00bb global_colors_info=\u00bb{}\u00bb]<\/p>\n<h1>Nuestros Programas<\/h1>\n<p>[\/et_pb_text][et_pb_text _builder_version=\u00bb4.27.0&#8243; _module_preset=\u00bb_initial\u00bb text_font_size=\u00bb16px\u00bb text_line_height=\u00bb1.8em\u00bb text_orientation=\u00bbcenter\u00bb text_font_size_tablet=\u00bb15px\u00bb text_font_size_phone=\u00bb14px\u00bb text_font_size_last_edited=\u00bbon|desktop\u00bb locked=\u00bboff\u00bb global_colors_info=\u00bb{}\u00bb]<\/p>\n<p>Explora nuestros programas dise\u00f1ados para potenciar el bienestar f\u00edsico y emocional a trav\u00e9s de la conexi\u00f3n con caballos. Una experiencia \u00fanica que transforma vidas a cada paso.<\/p>\n<p>[\/et_pb_text][\/et_pb_column][\/et_pb_row][\/et_pb_section][et_pb_section fb_built=\u00bb1&#8243; admin_label=\u00bbClasses\u00bb _builder_version=\u00bb4.21.0&#8243; _module_preset=\u00bbdefault\u00bb background_color=\u00bb#fcf9f6&#8243; collapsed=\u00bbon\u00bb global_colors_info=\u00bb{}\u00bb][et_pb_row column_structure=\u00bb1_2,1_2&#8243; custom_padding_last_edited=\u00bbon|tablet\u00bb _builder_version=\u00bb4.21.0&#8243; _module_preset=\u00bbdefault\u00bb custom_padding_tablet=\u00bb||0px||false|false\u00bb custom_padding_phone=\u00bb||0px||false|false\u00bb locked=\u00bboff\u00bb global_colors_info=\u00bb{}\u00bb][et_pb_column type=\u00bb1_2&#8243; _builder_version=\u00bb4.21.0&#8243; _module_preset=\u00bbdefault\u00bb global_colors_info=\u00bb{}\u00bb][et_pb_image src=\u00bbhttps:\/\/fundacionelroi.org\/wp-content\/uploads\/2024\/11\/Programa-especiales-Ninos-y-adolescentes.jpeg\u00bb title_text=\u00bbPrograma especiales &#8211; Ni\u00f1os y adolescentes\u00bb _builder_version=\u00bb4.27.0&#8243; _module_preset=\u00bbdefault\u00bb global_colors_info=\u00bb{}\u00bb][\/et_pb_image][et_pb_text _builder_version=\u00bb4.27.0&#8243; _module_preset=\u00bb_initial\u00bb header_5_font=\u00bbPlayfair Display|500|||||||\u00bb header_5_text_color=\u00bb#2a2a2a\u00bb header_5_font_size=\u00bb20px\u00bb header_5_line_height=\u00bb1.4em\u00bb custom_margin=\u00bb||0px||false|false\u00bb header_5_font_size_tablet=\u00bb16px\u00bb header_5_font_size_phone=\u00bb14px\u00bb header_5_font_size_last_edited=\u00bbon|phone\u00bb global_colors_info=\u00bb{}\u00bb]<\/p>\n<h5><span>Equinoterapia individual para \u00f1i\u00f1os y adoslecentes<\/span><\/h5>\n<p>[\/et_pb_text][et_pb_text _builder_version=\u00bb4.27.0&#8243; _module_preset=\u00bb_initial\u00bb header_4_font=\u00bbInter|500||on|||||\u00bb header_4_text_color=\u00bbgcid-c2933ceb-9641-4d37-bb1b-61eb067d45cb\u00bb header_4_font_size=\u00bb14px\u00bb header_4_letter_spacing=\u00bb0.4em\u00bb header_4_line_height=\u00bb1.4em\u00bb custom_margin=\u00bb||0px||false|false\u00bb global_colors_info=\u00bb{%22gcid-c2933ceb-9641-4d37-bb1b-61eb067d45cb%22:%91%22header_4_text_color%22%93}\u00bb]<\/p>\n<h4>Autoestima| Confianza\u00a0 | Motricidad<\/h4>\n<p>[\/et_pb_text][et_pb_text _builder_version=\u00bb4.27.0&#8243; _module_preset=\u00bb_initial\u00bb text_line_height=\u00bb1.6em\u00bb text_orientation=\u00bbjustified\u00bb global_colors_info=\u00bb{}\u00bb]<\/p>\n<p><span>La equinoterapia individual para ni\u00f1os y adolescentes es una terapia complementaria que utiliza la interacci\u00f3n con caballos para promover el desarrollo emocional, f\u00edsico y social. A trav\u00e9s de sesiones personalizadas, los participantes trabajan en habilidades como la comunicaci\u00f3n, la confianza y la motricidad, benefici\u00e1ndose de la conexi\u00f3n \u00fanica que se establece con el caballo. Esta pr\u00e1ctica fomenta la autoestima y ayuda en el manejo de diversas condiciones, ofreciendo un enfoque l\u00fadico y terap\u00e9utico.<\/span><\/p>\n<p>[\/et_pb_text][\/et_pb_column][et_pb_column type=\u00bb1_2&#8243; _builder_version=\u00bb4.21.0&#8243; _module_preset=\u00bbdefault\u00bb global_colors_info=\u00bb{}\u00bb][et_pb_image src=\u00bbhttps:\/\/fundacionelroi.org\/wp-content\/uploads\/2024\/11\/Programa-especiales-Terapia-Familiar.jpg\u00bb title_text=\u00bbPrograma especiales &#8211; Terapia Familiar\u00bb _builder_version=\u00bb4.27.0&#8243; _module_preset=\u00bbdefault\u00bb global_colors_info=\u00bb{}\u00bb][\/et_pb_image][et_pb_text _builder_version=\u00bb4.27.0&#8243; _module_preset=\u00bb_initial\u00bb header_5_font=\u00bbPlayfair Display|500|||||||\u00bb header_5_text_color=\u00bb#2a2a2a\u00bb header_5_font_size=\u00bb20px\u00bb header_5_line_height=\u00bb1.4em\u00bb custom_margin=\u00bb||0px||false|false\u00bb header_5_font_size_tablet=\u00bb16px\u00bb header_5_font_size_phone=\u00bb14px\u00bb header_5_font_size_last_edited=\u00bbon|phone\u00bb global_colors_info=\u00bb{}\u00bb]<\/p>\n<h5><span>Terapias asistidas con caballos para la familia<\/span><\/h5>\n<p>[\/et_pb_text][et_pb_text _builder_version=\u00bb4.27.0&#8243; _module_preset=\u00bb_initial\u00bb header_4_font=\u00bbInter|500||on|||||\u00bb header_4_text_color=\u00bbgcid-c2933ceb-9641-4d37-bb1b-61eb067d45cb\u00bb header_4_font_size=\u00bb14px\u00bb header_4_letter_spacing=\u00bb0.4em\u00bb header_4_line_height=\u00bb1.4em\u00bb custom_margin=\u00bb||0px||false|false\u00bb locked=\u00bboff\u00bb global_colors_info=\u00bb{%22gcid-c2933ceb-9641-4d37-bb1b-61eb067d45cb%22:%91%22header_4_text_color%22%93}\u00bb]<\/p>\n<h4>Mayor v\u00ednculo| Cohesi\u00f3n Familiar<\/h4>\n<p>[\/et_pb_text][et_pb_text _builder_version=\u00bb4.27.0&#8243; _module_preset=\u00bb_initial\u00bb text_line_height=\u00bb1.6em\u00bb header_text_align=\u00bbjustify\u00bb text_orientation=\u00bbjustified\u00bb global_colors_info=\u00bb{}\u00bb]<\/p>\n<p><span>Las terapias asistidas con caballos para la familia son un enfoque innovador que involucra a todos los miembros en actividades interactivas con caballos. Estas sesiones fomentan la comunicaci\u00f3n, la confianza y la cohesi\u00f3n familiar, mientras se abordan desaf\u00edos emocionales y relacionales. A trav\u00e9s del trabajo en equipo y la conexi\u00f3n con los caballos, las familias pueden mejorar sus din\u00e1micas, fortalecer v\u00ednculos y promover un ambiente de apoyo y entendimiento. Esta experiencia \u00fanica combina el aprendizaje con la diversi\u00f3n, ofreciendo un espacio seguro para el crecimiento conjunto.<\/span><\/p>\n<p>[\/et_pb_text][\/et_pb_column][\/et_pb_row][et_pb_row column_structure=\u00bb1_2,1_2&#8243; custom_padding_last_edited=\u00bbon|tablet\u00bb _builder_version=\u00bb4.21.0&#8243; _module_preset=\u00bbdefault\u00bb custom_padding_tablet=\u00bb||0px||false|false\u00bb custom_padding_phone=\u00bb||0px||false|false\u00bb locked=\u00bboff\u00bb global_colors_info=\u00bb{}\u00bb][et_pb_column type=\u00bb1_2&#8243; _builder_version=\u00bb4.21.0&#8243; _module_preset=\u00bbdefault\u00bb global_colors_info=\u00bb{}\u00bb][et_pb_image src=\u00bbhttps:\/\/fundacionelroi.org\/wp-content\/uploads\/2024\/11\/Programa-especiales-Adultos-mayores.jpg\u00bb title_text=\u00bbPrograma especiales &#8211; Adultos mayores\u00bb _builder_version=\u00bb4.27.0&#8243; _module_preset=\u00bbdefault\u00bb global_colors_info=\u00bb{}\u00bb][\/et_pb_image][et_pb_text _builder_version=\u00bb4.27.0&#8243; _module_preset=\u00bb_initial\u00bb header_5_font=\u00bbPlayfair Display|500|||||||\u00bb header_5_text_color=\u00bb#2a2a2a\u00bb header_5_font_size=\u00bb20px\u00bb header_5_line_height=\u00bb1.4em\u00bb custom_margin=\u00bb||0px||false|false\u00bb header_5_font_size_tablet=\u00bb16px\u00bb header_5_font_size_phone=\u00bb14px\u00bb header_5_font_size_last_edited=\u00bbon|phone\u00bb global_colors_info=\u00bb{}\u00bb]<\/p>\n<h5><span>Equinoterapia para adultos mayores<\/span><\/h5>\n<p>[\/et_pb_text][et_pb_text _builder_version=\u00bb4.27.0&#8243; _module_preset=\u00bb_initial\u00bb header_4_font=\u00bbInter|500||on|||||\u00bb header_4_text_color=\u00bbgcid-c2933ceb-9641-4d37-bb1b-61eb067d45cb\u00bb header_4_font_size=\u00bb14px\u00bb header_4_letter_spacing=\u00bb0.4em\u00bb header_4_line_height=\u00bb1.4em\u00bb custom_margin=\u00bb||0px||false|false\u00bb global_colors_info=\u00bb{%22gcid-c2933ceb-9641-4d37-bb1b-61eb067d45cb%22:%91%22header_4_text_color%22%93}\u00bb]<\/p>\n<h4>Movilidad| Coordinaci\u00f3n | Conexi\u00f3n<\/h4>\n<p>[\/et_pb_text][et_pb_text _builder_version=\u00bb4.27.0&#8243; _module_preset=\u00bb_initial\u00bb text_line_height=\u00bb1.6em\u00bb text_orientation=\u00bbjustified\u00bb global_colors_info=\u00bb{}\u00bb]<\/p>\n<p><span>La equinoterapia para adultos mayores es una pr\u00e1ctica terap\u00e9utica que utiliza la interacci\u00f3n con caballos para mejorar la salud f\u00edsica y emocional de este grupo etario. A trav\u00e9s de actividades adaptadas, se busca fomentar la movilidad, la coordinaci\u00f3n y la estimulaci\u00f3n cognitiva, al mismo tiempo que se promueve el bienestar emocional y la reducci\u00f3n del estr\u00e9s. La conexi\u00f3n con los caballos brinda un sentido de compa\u00f1\u00eda y prop\u00f3sito, ayudando a los adultos mayores a mantener una actitud activa y positiva. Esta terapia ofrece un enfoque hol\u00edstico que contribuye a la calidad de vida.<\/span><\/p>\n<p>[\/et_pb_text][\/et_pb_column][et_pb_column type=\u00bb1_2&#8243; _builder_version=\u00bb4.21.0&#8243; _module_preset=\u00bbdefault\u00bb global_colors_info=\u00bb{}\u00bb][et_pb_image src=\u00bbhttps:\/\/fundacionelroi.org\/wp-content\/uploads\/2024\/11\/Programa-especiales-Granja-Educativa.jpg\u00bb title_text=\u00bbPrograma especiales &#8211; Granja Educativa\u00bb _builder_version=\u00bb4.27.0&#8243; _module_preset=\u00bbdefault\u00bb global_colors_info=\u00bb{}\u00bb][\/et_pb_image][et_pb_text _builder_version=\u00bb4.27.0&#8243; _module_preset=\u00bb_initial\u00bb header_5_font=\u00bbPlayfair Display|500|||||||\u00bb header_5_text_color=\u00bb#2a2a2a\u00bb header_5_font_size=\u00bb20px\u00bb header_5_line_height=\u00bb1.4em\u00bb custom_margin=\u00bb||0px||false|false\u00bb header_5_font_size_tablet=\u00bb16px\u00bb header_5_font_size_phone=\u00bb14px\u00bb header_5_font_size_last_edited=\u00bbon|phone\u00bb global_colors_info=\u00bb{}\u00bb]<\/p>\n<h5>Granja Educativa \u00abEl Roi\u00bb<\/h5>\n<p>[\/et_pb_text][et_pb_text _builder_version=\u00bb4.27.0&#8243; _module_preset=\u00bb_initial\u00bb header_4_font=\u00bbInter|500||on|||||\u00bb header_4_text_color=\u00bbgcid-c2933ceb-9641-4d37-bb1b-61eb067d45cb\u00bb header_4_font_size=\u00bb14px\u00bb header_4_letter_spacing=\u00bb0.4em\u00bb header_4_line_height=\u00bb1.4em\u00bb custom_margin=\u00bb||0px||false|false\u00bb locked=\u00bboff\u00bb global_colors_info=\u00bb{%22gcid-c2933ceb-9641-4d37-bb1b-61eb067d45cb%22:%91%22header_4_text_color%22%93}\u00bb]<\/p>\n<h4>Naturaleza | Interactivo | Respeto<\/h4>\n<p>[\/et_pb_text][et_pb_text _builder_version=\u00bb4.27.0&#8243; _module_preset=\u00bb_initial\u00bb text_line_height=\u00bb1.6em\u00bb text_orientation=\u00bbjustified\u00bb global_colors_info=\u00bb{}\u00bb]<\/p>\n<p><span>La Granja Educativa El Roi es un espacio dise\u00f1ado para que ni\u00f1os y adultos aprendan sobre la vida en el campo y la importancia de la naturaleza. A trav\u00e9s de actividades interactivas, como el cuidado de animales, la siembra de plantas y talleres de sostenibilidad, los visitantes pueden adquirir conocimientos sobre la agricultura, la alimentaci\u00f3n saludable y el respeto por el medio ambiente. Este entorno l\u00fadico y educativo fomenta el desarrollo de habilidades sociales, el trabajo en equipo y la conexi\u00f3n con la naturaleza, ofreciendo una experiencia enriquecedora.<\/span><\/p>\n<p>[\/et_pb_text][\/et_pb_column][\/et_pb_row][et_pb_row column_structure=\u00bb1_2,1_2&#8243; custom_padding_last_edited=\u00bbon|tablet\u00bb _builder_version=\u00bb4.21.0&#8243; _module_preset=\u00bbdefault\u00bb custom_padding_tablet=\u00bb||0px||false|false\u00bb custom_padding_phone=\u00bb||0px||false|false\u00bb locked=\u00bboff\u00bb global_colors_info=\u00bb{}\u00bb][et_pb_column type=\u00bb1_2&#8243; _builder_version=\u00bb4.21.0&#8243; _module_preset=\u00bbdefault\u00bb global_colors_info=\u00bb{}\u00bb][et_pb_image src=\u00bbhttps:\/\/fundacionelroi.org\/wp-content\/uploads\/2024\/11\/Programas-Visita-a-Hospitales.jpg\u00bb title_text=\u00bbProgramas &#8211; Visita a Hospitales\u00bb _builder_version=\u00bb4.27.0&#8243; _module_preset=\u00bbdefault\u00bb global_colors_info=\u00bb{}\u00bb][\/et_pb_image][et_pb_text _builder_version=\u00bb4.27.0&#8243; _module_preset=\u00bb_initial\u00bb header_5_font=\u00bbPlayfair Display|500|||||||\u00bb header_5_text_color=\u00bb#2a2a2a\u00bb header_5_font_size=\u00bb20px\u00bb header_5_line_height=\u00bb1.4em\u00bb custom_margin=\u00bb||0px||false|false\u00bb header_5_font_size_tablet=\u00bb16px\u00bb header_5_font_size_phone=\u00bb14px\u00bb header_5_font_size_last_edited=\u00bbon|phone\u00bb global_colors_info=\u00bb{}\u00bb]<\/p>\n<h5><span>Visita a Hospitales &#8211; Proyecto \u00abUna Sonrisa, un relincho<\/span><\/h5>\n<p>[\/et_pb_text][et_pb_text _builder_version=\u00bb4.27.0&#8243; _module_preset=\u00bb_initial\u00bb header_4_font=\u00bbInter|500||on|||||\u00bb header_4_text_color=\u00bbgcid-c2933ceb-9641-4d37-bb1b-61eb067d45cb\u00bb header_4_font_size=\u00bb14px\u00bb header_4_letter_spacing=\u00bb0.4em\u00bb header_4_line_height=\u00bb1.4em\u00bb custom_margin=\u00bb||0px||false|false\u00bb global_colors_info=\u00bb{%22gcid-c2933ceb-9641-4d37-bb1b-61eb067d45cb%22:%91%22header_4_text_color%22%93}\u00bb]<\/p>\n<h4>Terapia| Interactivo | V\u00ednculo<\/h4>\n<p>[\/et_pb_text][et_pb_text _builder_version=\u00bb4.27.0&#8243; _module_preset=\u00bb_initial\u00bb text_line_height=\u00bb1.6em\u00bb text_orientation=\u00bbjustified\u00bb global_colors_info=\u00bb{}\u00bb]<\/p>\n<p><span>La visita a hospitales con caballitos es una iniciativa terap\u00e9utica que busca brindar alegr\u00eda y compa\u00f1\u00eda a pacientes, especialmente ni\u00f1os, durante su estancia hospitalaria. A trav\u00e9s de encuentros con peque\u00f1os caballos, los pacientes pueden disfrutar de interacciones reconfortantes que ayudan a reducir el estr\u00e9s y la ansiedad. Estas visitas promueven la sonrisa, la conexi\u00f3n emocional y el bienestar, ofreciendo momentos de distracci\u00f3n y felicidad en un ambiente que puede ser dif\u00edcil. Adem\u00e1s, fomenta el v\u00ednculo entre los pacientes y los animales.<\/span><\/p>\n<p>[\/et_pb_text][\/et_pb_column][et_pb_column type=\u00bb1_2&#8243; _builder_version=\u00bb4.21.0&#8243; _module_preset=\u00bbdefault\u00bb global_colors_info=\u00bb{}\u00bb][et_pb_image src=\u00bbhttps:\/\/fundacionelroi.org\/wp-content\/uploads\/2025\/07\/Brigada_de_Amor-scaled.jpg\u00bb title_text=\u00bbBrigada_de_Amor\u00bb _builder_version=\u00bb4.27.4&#8243; _module_preset=\u00bbdefault\u00bb hover_enabled=\u00bb0&#8243; global_colors_info=\u00bb{}\u00bb sticky_enabled=\u00bb0&#8243;][\/et_pb_image][et_pb_text _builder_version=\u00bb4.27.4&#8243; _module_preset=\u00bb_initial\u00bb header_5_font=\u00bbPlayfair Display|500|||||||\u00bb header_5_text_color=\u00bb#2a2a2a\u00bb header_5_font_size=\u00bb20px\u00bb header_5_line_height=\u00bb1.4em\u00bb custom_margin=\u00bb||0px||false|false\u00bb hover_enabled=\u00bb0&#8243; header_5_font_size_tablet=\u00bb16px\u00bb header_5_font_size_phone=\u00bb14px\u00bb header_5_font_size_last_edited=\u00bbon|phone\u00bb global_colors_info=\u00bb{}\u00bb sticky_enabled=\u00bb0&#8243;]<\/p>\n<h5><span>Brigada de Amor<\/span><\/h5>\n<p>[\/et_pb_text][et_pb_text _builder_version=\u00bb4.27.4&#8243; _module_preset=\u00bb_initial\u00bb header_4_font=\u00bbInter|500||on|||||\u00bb header_4_text_color=\u00bbgcid-c2933ceb-9641-4d37-bb1b-61eb067d45cb\u00bb header_4_font_size=\u00bb14px\u00bb header_4_letter_spacing=\u00bb0.4em\u00bb header_4_line_height=\u00bb1.4em\u00bb custom_margin=\u00bb||0px||false|false\u00bb hover_enabled=\u00bb0&#8243; global_colors_info=\u00bb{%22gcid-c2933ceb-9641-4d37-bb1b-61eb067d45cb%22:%91%22header_4_text_color%22%93}\u00bb sticky_enabled=\u00bb0&#8243;]<\/p>\n<h4>Emocional | Esperanza| Encuentro<\/h4>\n<p>[\/et_pb_text][et_pb_text _builder_version=\u00bb4.27.4&#8243; _module_preset=\u00bb_initial\u00bb text_line_height=\u00bb1.6em\u00bb text_orientation=\u00bbjustified\u00bb hover_enabled=\u00bb0&#8243; global_colors_info=\u00bb{}\u00bb sticky_enabled=\u00bb0&#8243;]<\/p>\n<p>Brigada de Amor es un ministerio de Fundaci\u00f3n El Roi que lleva el amor de Dios a lugares especiales como colegios, jardines infantiles y hogares de adultos mayores en la comuna de Colina y alrededores. A trav\u00e9s de animalitos ex\u00f3ticos y de granja, esta brigada comparte momentos de alegr\u00eda, esperanza y fe con ni\u00f1os, ni\u00f1as y adultos mayores, creando espacios de encuentro donde se transmite el mensaje de Cristo de manera cercana y afectuosa.<\/p>\n<p>La Brigada de Amor no solo entretiene, sino que tambi\u00e9n evangeliza, acompa\u00f1a y sensibiliza, mostrando que donde hay un ni\u00f1o, un anciano o una necesidad emocional, hay una misi\u00f3n para mostrar a Cristo.<\/p>\n<p>Su lema es:<br \/><strong>\u201cLlevamos sonrisas donde m\u00e1s se necesitan.\u201d<\/strong><\/p>\n<p>[\/et_pb_text][\/et_pb_column][\/et_pb_row][\/et_pb_section]<\/p>\n","protected":false},"excerpt":{"rendered":"<p>Nuestros ProgramasExplora nuestros programas dise\u00f1ados para potenciar el bienestar f\u00edsico y emocional a trav\u00e9s de la conexi\u00f3n con caballos. Una experiencia \u00fanica que transforma vidas a cada paso.Equinoterapia individual para \u00f1i\u00f1os y adoslecentesAutoestima| Confianza\u00a0 | MotricidadLa equinoterapia individual para ni\u00f1os y adolescentes es una terapia complementaria que utiliza la interacci\u00f3n con caballos para promover el [&hellip;]<\/p>\n","protected":false},"author":1,"featured_media":0,"parent":0,"menu_order":0,"comment_status":"closed","ping_status":"closed","template":"","meta":{"_et_pb_use_builder":"on","_et_pb_old_content":"","_et_gb_content_width":"","footnotes":""},"class_list":["post-50","page","type-page","status-publish","hentry"],"jetpack_sharing_enabled":true,"_links":{"self":[{"href":"https:\/\/fundacionelroi.org\/en\/wp-json\/wp\/v2\/pages\/50","targetHints":{"allow":["GET"]}}],"collection":[{"href":"https:\/\/fundacionelroi.org\/en\/wp-json\/wp\/v2\/pages"}],"about":[{"href":"https:\/\/fundacionelroi.org\/en\/wp-json\/wp\/v2\/types\/page"}],"author":[{"embeddable":true,"href":"https:\/\/fundacionelroi.org\/en\/wp-json\/wp\/v2\/users\/1"}],"replies":[{"embeddable":true,"href":"https:\/\/fundacionelroi.org\/en\/wp-json\/wp\/v2\/comments?post=50"}],"version-history":[{"count":11,"href":"https:\/\/fundacionelroi.org\/en\/wp-json\/wp\/v2\/pages\/50\/revisions"}],"predecessor-version":[{"id":362,"href":"https:\/\/fundacionelroi.org\/en\/wp-json\/wp\/v2\/pages\/50\/revisions\/362"}],"wp:attachment":[{"href":"https:\/\/fundacionelroi.org\/en\/wp-json\/wp\/v2\/media?parent=50"}],"curies":[{"name":"wp","href":"https:\/\/api.w.org\/{rel}","templated":true}]}}